{"id":1205,"date":"2023-05-03T07:38:55","date_gmt":"2023-05-03T07:38:55","guid":{"rendered":"https:\/\/wcw.be\/politique-de-confidentialite\/"},"modified":"2023-07-20T10:02:16","modified_gmt":"2023-07-20T10:02:16","slug":"politique-de-confidentialite","status":"publish","type":"page","link":"https:\/\/wcw.be\/fr\/politique-de-confidentialite\/","title":{"rendered":"Politique de confidentialit\u00e9"},"content":{"rendered":"\t\t<div data-elementor-type=\"wp-page\" data-elementor-id=\"1205\" class=\"elementor elementor-1205 elementor-1194\" data-elementor-settings=\"{&quot;ha_cmc_init_switcher&quot;:&quot;no&quot;}\" data-elementor-post-type=\"page\">\n\t\t\t\t\t\t<section class=\"elementor-section elementor-top-section elementor-element elementor-element-e198432 elementor-section-boxed elementor-section-height-default elementor-section-height-default\" data-id=\"e198432\" data-element_type=\"section\" data-e-type=\"section\">\n\t\t\t\t\t\t<div class=\"elementor-container elementor-column-gap-default\">\n\t\t\t\t\t<div class=\"elementor-column elementor-col-100 elementor-top-column elementor-element elementor-element-3421316\" data-id=\"3421316\" data-element_type=\"column\" data-e-type=\"column\">\n\t\t\t<div class=\"elementor-widget-wrap elementor-element-populated\">\n\t\t\t\t\t\t<div class=\"elementor-element elementor-element-dec6daf elementor-widget elementor-widget-text-editor\" data-id=\"dec6daf\" data-element_type=\"widget\" data-e-type=\"widget\" data-widget_type=\"text-editor.default\">\n\t\t\t\t<div class=\"elementor-widget-container\">\n\t\t\t\t\t\t\t\t\t<h2><strong>Coordonn\u00e9es de la personne \u00e0 contacter :<br><\/strong><\/h2>\n<p>Adresse du si\u00e8ge social :<br><span style=\"color: var( --e-global-color-text ); font-size: 1rem;\">Treskesdijk 9<br><\/span><span style=\"color: var( --e-global-color-text ); font-size: 1rem;\">B-2300 Turnhout<br><\/span><span style=\"color: var( --e-global-color-text ); font-size: 1rem;\">Belgique<\/span><\/p>\n<p>T\u00e9l\u00e9phone: <a style=\"color: #fe2d21;\" href=\"tel:+3234759825\">+32 3 475 98 25<\/a><\/p>\n<p>Adresse e-mail: <a style=\"color: #fe2d21;\" href=\"mailto:info@wcw.be\">info@wcw.be<\/a><\/p>\n<p style=\"box-sizing: inherit; font-family: Poppins, Helvetica, Arial, sans-serif;\">Num\u00e9ro d&rsquo;entreprise: BE 0419.495.603<\/p>\n<p style=\"box-sizing: inherit; font-family: Poppins, Helvetica, Arial, sans-serif;\">En acc\u00e9dant au site web et en l&rsquo;utilisant, vous acceptez express\u00e9ment les conditions suivantes.<\/p>\t\t\t\t\t\t\t\t<\/div>\n\t\t\t\t<\/div>\n\t\t\t\t<div class=\"elementor-element elementor-element-beb3082 elementor-widget elementor-widget-text-editor\" data-id=\"beb3082\" data-element_type=\"widget\" data-e-type=\"widget\" data-widget_type=\"text-editor.default\">\n\t\t\t\t<div class=\"elementor-widget-container\">\n\t\t\t\t\t\t\t\t\t<h2><strong>Droits de propri\u00e9t\u00e9 intellectuelle<\/strong><strong style=\"color: inherit; font-size: 1.6em;\"><br \/><\/strong><\/h2><p>Le contenu de ce site, y compris les marques, logos, dessins, donn\u00e9es, noms de produits ou d&rsquo;entreprises, textes, images, etc. sont prot\u00e9g\u00e9s par des droits intellectuels et appartiennent \u00e0 Wouters Cutting &amp; Welding BV ou \u00e0 des tiers habilit\u00e9s.<\/p>\t\t\t\t\t\t\t\t<\/div>\n\t\t\t\t<\/div>\n\t\t\t\t<div class=\"elementor-element elementor-element-c24fc83 elementor-widget elementor-widget-text-editor\" data-id=\"c24fc83\" data-element_type=\"widget\" data-e-type=\"widget\" data-widget_type=\"text-editor.default\">\n\t\t\t\t<div class=\"elementor-widget-container\">\n\t\t\t\t\t\t\t\t\t<h2><strong>Limitation de la responsabilit\u00e9<\/strong><strong style=\"color: inherit; font-size: 1.6em;\"><br \/><\/strong><\/h2><p>Les informations figurant sur le site web sont de nature g\u00e9n\u00e9rale. Elles ne sont pas adapt\u00e9es \u00e0 des circonstances personnelles ou sp\u00e9cifiques et ne peuvent donc pas \u00eatre consid\u00e9r\u00e9es comme des conseils personnels, professionnels ou juridiques \u00e0 l&rsquo;intention de l&rsquo;utilisateur.<\/p><p>Wouters Cutting &amp; Welding BV s&rsquo;efforce de veiller \u00e0 ce que les informations mises \u00e0 disposition soient compl\u00e8tes, correctes, pr\u00e9cises et \u00e0 jour. Malgr\u00e9 ces efforts, des inexactitudes peuvent survenir dans les informations mises \u00e0 disposition. Si les informations fournies contiennent des inexactitudes ou si certaines informations sur ou via le site ne sont pas disponibles, Wouters Cutting &amp; Welding BV s&rsquo;efforcera d&rsquo;y rem\u00e9dier dans les plus brefs d\u00e9lais.<\/p><p>Toutefois, Wouters Cutting &amp; Welding BV ne peut \u00eatre tenue responsable des dommages directs ou indirects r\u00e9sultant de l&rsquo;utilisation des informations sur ce site.<\/p><p>Si vous constatez des inexactitudes dans les informations mises \u00e0 disposition via le site, veuillez contacter l&rsquo;administrateur du site.<\/p><p>Le contenu du site (y compris les liens) peut \u00eatre adapt\u00e9, modifi\u00e9 ou compl\u00e9t\u00e9 \u00e0 tout moment sans annonce ni notification. Wouters Cutting &amp; Welding BV ne garantit pas le bon fonctionnement du site web et ne peut en aucun cas \u00eatre tenu responsable du mauvais fonctionnement ou de l'(in)disponibilit\u00e9 temporaire du site web ou de toute forme de dommage, direct ou indirect, qui r\u00e9sulterait de l&rsquo;acc\u00e8s ou de l&rsquo;utilisation du site web.<\/p><p>En aucun cas, Wouters Cutting &amp; Welding BV ne peut \u00eatre tenu responsable envers quiconque, directement ou indirectement, sp\u00e9cifiquement ou non, de tout dommage r\u00e9sultant de l&rsquo;utilisation de ce site ou de tout autre site, en particulier \u00e0 la suite de liens ou d&rsquo;hyperliens, y compris, sans s&rsquo;y limiter, toute perte, tout arr\u00eat de travail, tout dommage aux programmes ou autres donn\u00e9es sur le syst\u00e8me informatique, le mat\u00e9riel, les logiciels ou autres de l&rsquo;utilisateur.<\/p><p>Le site web peut contenir des hyperliens vers des sites web ou des pages de tiers, ou y faire r\u00e9f\u00e9rence indirectement. Le fait de placer des liens vers ces sites ou pages n&rsquo;implique en aucun cas une approbation implicite de leur contenu.<\/p><p>Wouters Cutting &amp; Welding BV d\u00e9clare express\u00e9ment qu&rsquo;elle n&rsquo;a aucun contr\u00f4le sur le contenu ou les autres caract\u00e9ristiques de ces sites web et ne peut en aucun cas \u00eatre tenue responsable de leur contenu ou de leurs caract\u00e9ristiques ou de toute autre forme de dommage r\u00e9sultant de leur utilisation.<\/p>\t\t\t\t\t\t\t\t<\/div>\n\t\t\t\t<\/div>\n\t\t\t\t<div class=\"elementor-element elementor-element-84d9bbf elementor-widget elementor-widget-text-editor\" data-id=\"84d9bbf\" data-element_type=\"widget\" data-e-type=\"widget\" data-widget_type=\"text-editor.default\">\n\t\t\t\t<div class=\"elementor-widget-container\">\n\t\t\t\t\t\t\t\t\t<h2><strong>Droit applicable et juridictions comp\u00e9tentes<\/strong><strong style=\"color: inherit; font-size: 1.6em;\"><br \/>\n<\/strong><\/h2>\n<p>Le droit belge s&rsquo;applique \u00e0 ce site. En cas de litige, seuls les tribunaux de l&rsquo;arrondissement d&rsquo;Anvers sont comp\u00e9tents.<\/p>\n\t\t\t\t\t\t\t\t<\/div>\n\t\t\t\t<\/div>\n\t\t\t\t<div class=\"elementor-element elementor-element-11e7168 elementor-widget elementor-widget-text-editor\" data-id=\"11e7168\" data-element_type=\"widget\" data-e-type=\"widget\" data-widget_type=\"text-editor.default\">\n\t\t\t\t<div class=\"elementor-widget-container\">\n\t\t\t\t\t\t\t\t\t<h2><strong>Politique de confidentialit\u00e9<\/strong><strong style=\"color: inherit; font-size: 1.6em;\"><br><\/strong><\/h2>\n<p>Wouters Cutting &amp; Welding BV attache une grande importance \u00e0 la protection de votre vie priv\u00e9e. Bien que la plupart des informations sur ce site soient disponibles sans qu&rsquo;il soit n\u00e9cessaire de fournir des informations personnelles, l&rsquo;utilisateur peut \u00eatre invit\u00e9 \u00e0 fournir des informations personnelles.<\/p>\n<p>Bien que la plupart des informations sur ce site soient disponibles sans qu&rsquo;il soit n\u00e9cessaire de fournir des informations personnelles, l&rsquo;utilisateur peut \u00eatre invit\u00e9 \u00e0 fournir des informations personnelles. Ces informations ne seront utilis\u00e9es que dans le cadre de notre gestion de la client\u00e8le, afin de vous tenir inform\u00e9 de nos activit\u00e9s. L&rsquo;utilisateur peut, gratuitement et sur demande, toujours s&rsquo;opposer \u00e0 l&rsquo;utilisation de ses donn\u00e9es \u00e0 des fins de marketing direct. Pour ce faire, il s&rsquo;adressera \u00e0 Wouters Cutting &amp; Welding BV,&nbsp;Treskesdijk 9 B-2300 Turnhout<span style=\"color: var( --e-global-color-text ); font-size: 1rem;\">,&nbsp;<\/span><a href=\"mailto:info@wcw.be\" style=\"background-color: rgb(255, 255, 255); font-size: 1rem; color: rgb(254, 45, 33);\">info@wcw.be<\/a><span style=\"color: var( --e-global-color-text ); font-size: 1rem;\">.<\/span><\/p>\n<p>Vos donn\u00e9es personnelles ne seront jamais transmises \u00e0 des tiers.<\/p>\n<p>Conform\u00e9ment \u00e0 la loi du 08\/12\/1992 relative au traitement des donn\u00e9es \u00e0 caract\u00e8re personnel, l&rsquo;utilisateur dispose d&rsquo;un droit l\u00e9gal de consultation et, le cas \u00e9ch\u00e9ant, de rectification de ses donn\u00e9es personnelles. Sous r\u00e9serve d&rsquo;une preuve d&rsquo;identit\u00e9 (copie de la carte d&rsquo;identit\u00e9), vous pouvez obtenir gratuitement la communication \u00e9crite de vos donn\u00e9es personnelles en envoyant une demande \u00e9crite, dat\u00e9e et sign\u00e9e \u00e0 Wouters Cutting &amp; Welding BV,&nbsp;Treskesdijk 9 B-2300 Turnhout<span style=\"color: var( --e-global-color-text ); font-size: 1rem;\">, <\/span><a href=\"mailto:info@wcw.be\" style=\"background-color: rgb(255, 255, 255); font-size: 1rem; color: rgb(254, 45, 33);\">info@wcw.be<\/a><span style=\"color: var( --e-global-color-text ); font-size: 1rem;\">. Le cas \u00e9ch\u00e9ant, vous pouvez \u00e9galement demander la rectification des donn\u00e9es qui pourraient \u00eatre incorrectes, incompl\u00e8tes ou non pertinentes.<\/span><\/p>\n<p>Wouters Cutting &amp; Welding BV peut collecter des donn\u00e9es anonymes ou agr\u00e9g\u00e9es de nature non personnelle, telles que le type de navigateur ou l&rsquo;adresse IP, le syst\u00e8me d&rsquo;exploitation que vous utilisez ou le nom de domaine du site web par lequel vous \u00eates arriv\u00e9 sur notre site web ou par lequel vous l&rsquo;avez quitt\u00e9. Cela nous permet d&rsquo;optimiser en permanence notre site web pour les utilisateurs.<\/p>\t\t\t\t\t\t\t\t<\/div>\n\t\t\t\t<\/div>\n\t\t\t\t\t<\/div>\n\t\t<\/div>\n\t\t\t\t\t<\/div>\n\t\t<\/section>\n\t\t\t\t<\/div>\n\t\t","protected":false},"excerpt":{"rendered":"<p>Coordonn\u00e9es de la personne \u00e0 contacter : Adresse du si\u00e8ge social :Treskesdijk 9B-2300 TurnhoutBelgique T\u00e9l\u00e9phone: +32 3 475 98 25 Adresse e-mail: info@wcw.be Num\u00e9ro d&rsquo;entreprise: BE 0419.495.603 En acc\u00e9dant au site web et en l&rsquo;utilisant, vous acceptez express\u00e9ment les conditions suivantes. Droits de propri\u00e9t\u00e9 intellectuelle Le contenu de ce site, y compris les marques, logos, [&hellip;]<\/p>\n","protected":false},"author":2,"featured_media":0,"parent":0,"menu_order":0,"comment_status":"closed","ping_status":"closed","template":"","meta":{"_acf_changed":false,"content-type":"","footnotes":""},"class_list":["post-1205","page","type-page","status-publish","hentry"],"acf":[],"yoast_head":"<!-- This site is optimized with the Yoast SEO plugin v24.8.1 - https:\/\/yoast.com\/wordpress\/plugins\/seo\/ -->\n<title>Politique de confidentialit\u00e9 - Wouters Cutting &amp; Welding<\/title>\n<meta name=\"robots\" content=\"index, follow, max-snippet:-1, max-image-preview:large, max-video-preview:-1\" \/>\n<link rel=\"canonical\" href=\"https:\/\/wcw.be\/fr\/politique-de-confidentialite\/\" \/>\n<meta property=\"og:locale\" content=\"fr_FR\" \/>\n<meta property=\"og:type\" content=\"article\" \/>\n<meta property=\"og:title\" content=\"Politique de confidentialit\u00e9 - Wouters Cutting &amp; Welding\" \/>\n<meta property=\"og:description\" content=\"Coordonn\u00e9es de la personne \u00e0 contacter : Adresse du si\u00e8ge social :Treskesdijk 9B-2300 TurnhoutBelgique T\u00e9l\u00e9phone: +32 3 475 98 25 Adresse e-mail: info@wcw.be Num\u00e9ro d&rsquo;entreprise: BE 0419.495.603 En acc\u00e9dant au site web et en l&rsquo;utilisant, vous acceptez express\u00e9ment les conditions suivantes. Droits de propri\u00e9t\u00e9 intellectuelle Le contenu de ce site, y compris les marques, logos, [&hellip;]\" \/>\n<meta property=\"og:url\" content=\"https:\/\/wcw.be\/fr\/politique-de-confidentialite\/\" \/>\n<meta property=\"og:site_name\" content=\"Wouters Cutting &amp; Welding\" \/>\n<meta property=\"article:modified_time\" content=\"2023-07-20T10:02:16+00:00\" \/>\n<meta name=\"twitter:card\" content=\"summary_large_image\" \/>\n<meta name=\"twitter:label1\" content=\"Dur\u00e9e de lecture estim\u00e9e\" \/>\n\t<meta name=\"twitter:data1\" content=\"5 minutes\" \/>\n<script type=\"application\/ld+json\" class=\"yoast-schema-graph\">{\"@context\":\"https:\/\/schema.org\",\"@graph\":[{\"@type\":\"WebPage\",\"@id\":\"https:\/\/wcw.be\/fr\/politique-de-confidentialite\/\",\"url\":\"https:\/\/wcw.be\/fr\/politique-de-confidentialite\/\",\"name\":\"Politique de confidentialit\u00e9 - Wouters Cutting &amp; Welding\",\"isPartOf\":{\"@id\":\"https:\/\/wcw.be\/#website\"},\"datePublished\":\"2023-05-03T07:38:55+00:00\",\"dateModified\":\"2023-07-20T10:02:16+00:00\",\"breadcrumb\":{\"@id\":\"https:\/\/wcw.be\/fr\/politique-de-confidentialite\/#breadcrumb\"},\"inLanguage\":\"fr-FR\",\"potentialAction\":[{\"@type\":\"ReadAction\",\"target\":[\"https:\/\/wcw.be\/fr\/politique-de-confidentialite\/\"]}]},{\"@type\":\"BreadcrumbList\",\"@id\":\"https:\/\/wcw.be\/fr\/politique-de-confidentialite\/#breadcrumb\",\"itemListElement\":[{\"@type\":\"ListItem\",\"position\":1,\"name\":\"Home\",\"item\":\"https:\/\/wcw.be\/\"},{\"@type\":\"ListItem\",\"position\":2,\"name\":\"Politique de confidentialit\u00e9\"}]},{\"@type\":\"WebSite\",\"@id\":\"https:\/\/wcw.be\/#website\",\"url\":\"https:\/\/wcw.be\/\",\"name\":\"Wouters Cutting &amp; Welding\",\"description\":\"\",\"potentialAction\":[{\"@type\":\"SearchAction\",\"target\":{\"@type\":\"EntryPoint\",\"urlTemplate\":\"https:\/\/wcw.be\/?s={search_term_string}\"},\"query-input\":{\"@type\":\"PropertyValueSpecification\",\"valueRequired\":true,\"valueName\":\"search_term_string\"}}],\"inLanguage\":\"fr-FR\"}]}<\/script>\n<!-- \/ Yoast SEO plugin. -->","yoast_head_json":{"title":"Politique de confidentialit\u00e9 - Wouters Cutting &amp; Welding","robots":{"index":"index","follow":"follow","max-snippet":"max-snippet:-1","max-image-preview":"max-image-preview:large","max-video-preview":"max-video-preview:-1"},"canonical":"https:\/\/wcw.be\/fr\/politique-de-confidentialite\/","og_locale":"fr_FR","og_type":"article","og_title":"Politique de confidentialit\u00e9 - Wouters Cutting &amp; Welding","og_description":"Coordonn\u00e9es de la personne \u00e0 contacter : Adresse du si\u00e8ge social :Treskesdijk 9B-2300 TurnhoutBelgique T\u00e9l\u00e9phone: +32 3 475 98 25 Adresse e-mail: info@wcw.be Num\u00e9ro d&rsquo;entreprise: BE 0419.495.603 En acc\u00e9dant au site web et en l&rsquo;utilisant, vous acceptez express\u00e9ment les conditions suivantes. Droits de propri\u00e9t\u00e9 intellectuelle Le contenu de ce site, y compris les marques, logos, [&hellip;]","og_url":"https:\/\/wcw.be\/fr\/politique-de-confidentialite\/","og_site_name":"Wouters Cutting &amp; Welding","article_modified_time":"2023-07-20T10:02:16+00:00","twitter_card":"summary_large_image","twitter_misc":{"Dur\u00e9e de lecture estim\u00e9e":"5 minutes"},"schema":{"@context":"https:\/\/schema.org","@graph":[{"@type":"WebPage","@id":"https:\/\/wcw.be\/fr\/politique-de-confidentialite\/","url":"https:\/\/wcw.be\/fr\/politique-de-confidentialite\/","name":"Politique de confidentialit\u00e9 - Wouters Cutting &amp; Welding","isPartOf":{"@id":"https:\/\/wcw.be\/#website"},"datePublished":"2023-05-03T07:38:55+00:00","dateModified":"2023-07-20T10:02:16+00:00","breadcrumb":{"@id":"https:\/\/wcw.be\/fr\/politique-de-confidentialite\/#breadcrumb"},"inLanguage":"fr-FR","potentialAction":[{"@type":"ReadAction","target":["https:\/\/wcw.be\/fr\/politique-de-confidentialite\/"]}]},{"@type":"BreadcrumbList","@id":"https:\/\/wcw.be\/fr\/politique-de-confidentialite\/#breadcrumb","itemListElement":[{"@type":"ListItem","position":1,"name":"Home","item":"https:\/\/wcw.be\/"},{"@type":"ListItem","position":2,"name":"Politique de confidentialit\u00e9"}]},{"@type":"WebSite","@id":"https:\/\/wcw.be\/#website","url":"https:\/\/wcw.be\/","name":"Wouters Cutting &amp; Welding","description":"","potentialAction":[{"@type":"SearchAction","target":{"@type":"EntryPoint","urlTemplate":"https:\/\/wcw.be\/?s={search_term_string}"},"query-input":{"@type":"PropertyValueSpecification","valueRequired":true,"valueName":"search_term_string"}}],"inLanguage":"fr-FR"}]}},"_links":{"self":[{"href":"https:\/\/wcw.be\/fr\/wp-json\/wp\/v2\/pages\/1205","targetHints":{"allow":["GET"]}}],"collection":[{"href":"https:\/\/wcw.be\/fr\/wp-json\/wp\/v2\/pages"}],"about":[{"href":"https:\/\/wcw.be\/fr\/wp-json\/wp\/v2\/types\/page"}],"author":[{"embeddable":true,"href":"https:\/\/wcw.be\/fr\/wp-json\/wp\/v2\/users\/2"}],"replies":[{"embeddable":true,"href":"https:\/\/wcw.be\/fr\/wp-json\/wp\/v2\/comments?post=1205"}],"version-history":[{"count":19,"href":"https:\/\/wcw.be\/fr\/wp-json\/wp\/v2\/pages\/1205\/revisions"}],"predecessor-version":[{"id":1969,"href":"https:\/\/wcw.be\/fr\/wp-json\/wp\/v2\/pages\/1205\/revisions\/1969"}],"wp:attachment":[{"href":"https:\/\/wcw.be\/fr\/wp-json\/wp\/v2\/media?parent=1205"}],"curies":[{"name":"wp","href":"https:\/\/api.w.org\/{rel}","templated":true}]}}